{"id":736,"date":"2024-11-29T02:12:07","date_gmt":"2024-11-29T00:12:07","guid":{"rendered":"https:\/\/antoniou-laparoscopy.gr\/datenschutzerklaerung\/"},"modified":"2024-12-10T14:48:58","modified_gmt":"2024-12-10T12:48:58","slug":"datenschutzerklaerung","status":"publish","type":"page","link":"https:\/\/antoniou-laparoscopy.gr\/de\/datenschutzerklaerung\/","title":{"rendered":"Datenschutzerkl\u00e4rung"},"content":{"rendered":"<div class=\"fusion-fullwidth fullwidth-box fusion-builder-row-1 fusion-flex-container has-pattern-background has-mask-background nonhundred-percent-fullwidth non-hundred-percent-height-scrolling\" style=\"--awb-border-radius-top-left:0px;--awb-border-radius-top-right:0px;--awb-border-radius-bottom-right:0px;--awb-border-radius-bottom-left:0px;--awb-padding-right-small:15px;--awb-padding-left-small:15px;--awb-margin-top:30px;--awb-margin-bottom:60px;--awb-flex-wrap:wrap;\" ><div class=\"fusion-builder-row fusion-row fusion-flex-align-items-flex-start fusion-flex-content-wrap\" style=\"max-width:calc( 1540px + 0px );margin-left: calc(-0px \/ 2 );margin-right: calc(-0px \/ 2 );\"><div class=\"fusion-layout-column fusion_builder_column fusion-builder-column-0 fusion_builder_column_1_1 1_1 fusion-flex-column\" style=\"--awb-padding-top:15px;--awb-padding-right:15px;--awb-padding-bottom:15px;--awb-padding-left:15px;--awb-bg-size:cover;--awb-width-large:100%;--awb-margin-top-large:0px;--awb-spacing-right-large:0px;--awb-margin-bottom-large:0px;--awb-spacing-left-large:0px;--awb-width-medium:100%;--awb-order-medium:0;--awb-spacing-right-medium:0px;--awb-spacing-left-medium:0px;--awb-width-small:100%;--awb-order-small:0;--awb-spacing-right-small:0px;--awb-spacing-left-small:0px;\"><div class=\"fusion-column-wrapper fusion-column-has-shadow fusion-flex-justify-content-flex-start fusion-content-layout-column\"><div class=\"fusion-title title fusion-title-1 fusion-sep-none fusion-title-center fusion-title-text fusion-title-size-one\" style=\"--awb-margin-bottom:50px;--awb-margin-bottom-small:50px;\"><h1 class=\"fusion-title-heading title-heading-center fusion-responsive-typography-calculated\" style=\"margin:0;--fontSize:50;line-height:var(--awb-typography1-line-height);\">Datenschutzerkl\u00e4rung<\/h1><\/div><div class=\"fusion-text fusion-text-1\"><p>Die Datenschutzerkl\u00e4rung der Website antoniou-laparoscopy.gr beschreibt, wie wir Ihre pers\u00f6nlichen Daten erheben, verwenden und sch\u00fctzen, wenn Sie unsere Website besuchen.<\/p>\n<p><strong>Welche Daten wir erheben:<\/strong><\/p>\n<ul>\n<li><strong>Kontaktinformationen: <\/strong>Wenn Sie \u00fcber das Kontaktformular oder per E-Mail mit uns Kontakt aufnehmen, erheben wir Ihren Namen, Ihre E-Mail-Adresse und Ihre Telefonnummer.<\/li>\n<li><strong>Nutzungsdaten:<\/strong> Wir erheben Informationen dar\u00fcber, wie Sie die Website nutzen, z. B. welche Seiten Sie besuchen, auf welche Links Sie klicken und andere Interaktionen mit der Website.<\/li>\n<li><strong>Cookies: <\/strong>Wir verwenden Cookies, um Ihre Benutzererfahrung auf der Website zu verbessern. Cookies sind kleine Textdateien, die auf Ihrem Computer gespeichert werden.<\/li>\n<\/ul>\n<p><strong>Wie wir die Daten verwenden:<\/strong><\/p>\n<ul>\n<li><strong>Kommunikation:<\/strong> Wir verwenden Ihre Kontaktinformationen, um auf Ihre Anfragen zu antworten und Ihnen die gew\u00fcnschten Informationen bereitzustellen.<\/li>\n<li><strong>Verbesserung der Website:<\/strong> Wir verwenden Nutzungsdaten, um zu analysieren, wie Sie die Website nutzen und Verbesserungen vorzunehmen.<\/li>\n<li><strong>Personalisierung:<\/strong> Wir k\u00f6nnen Ihre Daten verwenden, um Ihnen personalisierte Inhalte anzuzeigen.<\/li>\n<\/ul>\n<p><strong>Wie wir Ihre Daten sch\u00fctzen:<\/strong><\/p>\n<p>Wir ergreifen alle erforderlichen Ma\u00dfnahmen, um Ihre pers\u00f6nlichen Daten vor Verlust, Missbrauch oder unbefugtem Zugriff zu sch\u00fctzen.<\/p>\n<p><strong>Ihre Rechte:<\/strong><\/p>\n<p>Sie haben das Recht, auf Ihre pers\u00f6nlichen Daten zuzugreifen, sie zu berichtigen oder zu l\u00f6schen. Sie k\u00f6nnen auch die Einschr\u00e4nkung der Verarbeitung Ihrer Daten verlangen oder der Verarbeitung widersprechen.<\/p>\n<p><strong>Kontakt:<\/strong><\/p>\n<p>Bei Fragen zur Datenschutzrichtlinie k\u00f6nnen Sie uns <a href=\"https:\/\/antoniou-laparoscopy.gr\/de\/kontak\/\" target=\"_blank\" rel=\"noopener\">kontaktieren.<\/a><\/p>\n<\/div><\/div><\/div><\/div><\/div>\n","protected":false},"excerpt":{"rendered":"","protected":false},"author":5,"featured_media":0,"parent":0,"menu_order":0,"comment_status":"closed","ping_status":"closed","template":"100-width.php","meta":{"footnotes":""},"class_list":["post-736","page","type-page","status-publish","hentry"],"yoast_head":"<!-- This site is optimized with the Yoast SEO plugin v24.0 - https:\/\/yoast.com\/wordpress\/plugins\/seo\/ -->\n<title>Datenschutzerkl\u00e4rung - Stavros Antoniou<\/title>\n<meta name=\"robots\" content=\"index, follow, max-snippet:-1, max-image-preview:large, max-video-preview:-1\" \/>\n<link rel=\"canonical\" href=\"https:\/\/antoniou-laparoscopy.gr\/de\/datenschutzerklaerung\/\" \/>\n<meta property=\"og:locale\" content=\"de_DE\" \/>\n<meta property=\"og:type\" content=\"article\" \/>\n<meta property=\"og:title\" content=\"Datenschutzerkl\u00e4rung - Stavros Antoniou\" \/>\n<meta property=\"og:url\" content=\"https:\/\/antoniou-laparoscopy.gr\/de\/datenschutzerklaerung\/\" \/>\n<meta property=\"og:site_name\" content=\"Stavros Antoniou\" \/>\n<meta property=\"article:modified_time\" content=\"2024-12-10T12:48:58+00:00\" \/>\n<meta name=\"twitter:card\" content=\"summary_large_image\" \/>\n<meta name=\"twitter:label1\" content=\"Gesch\u00e4tzte Lesezeit\" \/>\n\t<meta name=\"twitter:data1\" content=\"4 Minuten\" \/>\n<script type=\"application\/ld+json\" class=\"yoast-schema-graph\">{\"@context\":\"https:\/\/schema.org\",\"@graph\":[{\"@type\":\"WebPage\",\"@id\":\"https:\/\/antoniou-laparoscopy.gr\/de\/datenschutzerklaerung\/\",\"url\":\"https:\/\/antoniou-laparoscopy.gr\/de\/datenschutzerklaerung\/\",\"name\":\"Datenschutzerkl\u00e4rung - Stavros Antoniou\",\"isPartOf\":{\"@id\":\"https:\/\/antoniou-laparoscopy.gr\/de\/#website\"},\"datePublished\":\"2024-11-29T00:12:07+00:00\",\"dateModified\":\"2024-12-10T12:48:58+00:00\",\"breadcrumb\":{\"@id\":\"https:\/\/antoniou-laparoscopy.gr\/de\/datenschutzerklaerung\/#breadcrumb\"},\"inLanguage\":\"de\",\"potentialAction\":[{\"@type\":\"ReadAction\",\"target\":[\"https:\/\/antoniou-laparoscopy.gr\/de\/datenschutzerklaerung\/\"]}]},{\"@type\":\"BreadcrumbList\",\"@id\":\"https:\/\/antoniou-laparoscopy.gr\/de\/datenschutzerklaerung\/#breadcrumb\",\"itemListElement\":[{\"@type\":\"ListItem\",\"position\":1,\"name\":\"\u0391\u03c1\u03c7\u03b9\u03ba\u03ae\",\"item\":\"https:\/\/antoniou-laparoscopy.gr\/de\/hauptseite\/\"},{\"@type\":\"ListItem\",\"position\":2,\"name\":\"Datenschutzerkl\u00e4rung\"}]},{\"@type\":\"WebSite\",\"@id\":\"https:\/\/antoniou-laparoscopy.gr\/de\/#website\",\"url\":\"https:\/\/antoniou-laparoscopy.gr\/de\/\",\"name\":\"Stavros Antoniou\",\"description\":\"\u03a7\u03b5\u03b9\u03c1\u03bf\u03c5\u03c1\u03b3\u03cc\u03c2 \u03bc\u03b5 \u03b5\u03be\u03b5\u03b9\u03b4\u03af\u03ba\u03b5\u03c5\u03c3\u03b7 \u03c3\u03c4\u03b7 \u03bb\u03b1\u03c0\u03b1\u03c1\u03bf\u03c3\u03ba\u03bf\u03c0\u03b9\u03ba\u03ae \u03c4\u03bf\u03c5 \u03b3\u03b1\u03c3\u03c4\u03c1\u03b5\u03bd\u03c4\u03b5\u03c1\u03b9\u03ba\u03bf\u03cd\",\"potentialAction\":[{\"@type\":\"SearchAction\",\"target\":{\"@type\":\"EntryPoint\",\"urlTemplate\":\"https:\/\/antoniou-laparoscopy.gr\/de\/?s={search_term_string}\"},\"query-input\":{\"@type\":\"PropertyValueSpecification\",\"valueRequired\":true,\"valueName\":\"search_term_string\"}}],\"inLanguage\":\"de\"}]}<\/script>\n<!-- \/ Yoast SEO plugin. -->","yoast_head_json":{"title":"Datenschutzerkl\u00e4rung - Stavros Antoniou","robots":{"index":"index","follow":"follow","max-snippet":"max-snippet:-1","max-image-preview":"max-image-preview:large","max-video-preview":"max-video-preview:-1"},"canonical":"https:\/\/antoniou-laparoscopy.gr\/de\/datenschutzerklaerung\/","og_locale":"de_DE","og_type":"article","og_title":"Datenschutzerkl\u00e4rung - Stavros Antoniou","og_url":"https:\/\/antoniou-laparoscopy.gr\/de\/datenschutzerklaerung\/","og_site_name":"Stavros Antoniou","article_modified_time":"2024-12-10T12:48:58+00:00","twitter_card":"summary_large_image","twitter_misc":{"Gesch\u00e4tzte Lesezeit":"4 Minuten"},"schema":{"@context":"https:\/\/schema.org","@graph":[{"@type":"WebPage","@id":"https:\/\/antoniou-laparoscopy.gr\/de\/datenschutzerklaerung\/","url":"https:\/\/antoniou-laparoscopy.gr\/de\/datenschutzerklaerung\/","name":"Datenschutzerkl\u00e4rung - Stavros Antoniou","isPartOf":{"@id":"https:\/\/antoniou-laparoscopy.gr\/de\/#website"},"datePublished":"2024-11-29T00:12:07+00:00","dateModified":"2024-12-10T12:48:58+00:00","breadcrumb":{"@id":"https:\/\/antoniou-laparoscopy.gr\/de\/datenschutzerklaerung\/#breadcrumb"},"inLanguage":"de","potentialAction":[{"@type":"ReadAction","target":["https:\/\/antoniou-laparoscopy.gr\/de\/datenschutzerklaerung\/"]}]},{"@type":"BreadcrumbList","@id":"https:\/\/antoniou-laparoscopy.gr\/de\/datenschutzerklaerung\/#breadcrumb","itemListElement":[{"@type":"ListItem","position":1,"name":"\u0391\u03c1\u03c7\u03b9\u03ba\u03ae","item":"https:\/\/antoniou-laparoscopy.gr\/de\/hauptseite\/"},{"@type":"ListItem","position":2,"name":"Datenschutzerkl\u00e4rung"}]},{"@type":"WebSite","@id":"https:\/\/antoniou-laparoscopy.gr\/de\/#website","url":"https:\/\/antoniou-laparoscopy.gr\/de\/","name":"Stavros Antoniou","description":"\u03a7\u03b5\u03b9\u03c1\u03bf\u03c5\u03c1\u03b3\u03cc\u03c2 \u03bc\u03b5 \u03b5\u03be\u03b5\u03b9\u03b4\u03af\u03ba\u03b5\u03c5\u03c3\u03b7 \u03c3\u03c4\u03b7 \u03bb\u03b1\u03c0\u03b1\u03c1\u03bf\u03c3\u03ba\u03bf\u03c0\u03b9\u03ba\u03ae \u03c4\u03bf\u03c5 \u03b3\u03b1\u03c3\u03c4\u03c1\u03b5\u03bd\u03c4\u03b5\u03c1\u03b9\u03ba\u03bf\u03cd","potentialAction":[{"@type":"SearchAction","target":{"@type":"EntryPoint","urlTemplate":"https:\/\/antoniou-laparoscopy.gr\/de\/?s={search_term_string}"},"query-input":{"@type":"PropertyValueSpecification","valueRequired":true,"valueName":"search_term_string"}}],"inLanguage":"de"}]}},"_links":{"self":[{"href":"https:\/\/antoniou-laparoscopy.gr\/de\/wp-json\/wp\/v2\/pages\/736","targetHints":{"allow":["GET"]}}],"collection":[{"href":"https:\/\/antoniou-laparoscopy.gr\/de\/wp-json\/wp\/v2\/pages"}],"about":[{"href":"https:\/\/antoniou-laparoscopy.gr\/de\/wp-json\/wp\/v2\/types\/page"}],"author":[{"embeddable":true,"href":"https:\/\/antoniou-laparoscopy.gr\/de\/wp-json\/wp\/v2\/users\/5"}],"replies":[{"embeddable":true,"href":"https:\/\/antoniou-laparoscopy.gr\/de\/wp-json\/wp\/v2\/comments?post=736"}],"version-history":[{"count":2,"href":"https:\/\/antoniou-laparoscopy.gr\/de\/wp-json\/wp\/v2\/pages\/736\/revisions"}],"predecessor-version":[{"id":738,"href":"https:\/\/antoniou-laparoscopy.gr\/de\/wp-json\/wp\/v2\/pages\/736\/revisions\/738"}],"wp:attachment":[{"href":"https:\/\/antoniou-laparoscopy.gr\/de\/wp-json\/wp\/v2\/media?parent=736"}],"curies":[{"name":"wp","href":"https:\/\/api.w.org\/{rel}","templated":true}]}}