{"id":733,"date":"2024-11-29T02:11:47","date_gmt":"2024-11-29T00:11:47","guid":{"rendered":"https:\/\/antoniou-laparoscopy.gr\/nutzungsbedingungen\/"},"modified":"2024-12-10T14:53:30","modified_gmt":"2024-12-10T12:53:30","slug":"nutzungsbedingungen","status":"publish","type":"page","link":"https:\/\/antoniou-laparoscopy.gr\/de\/nutzungsbedingungen\/","title":{"rendered":"Nutzungsbedingungen"},"content":{"rendered":"<div class=\"fusion-fullwidth fullwidth-box fusion-builder-row-1 fusion-flex-container has-pattern-background has-mask-background nonhundred-percent-fullwidth non-hundred-percent-height-scrolling\" style=\"--awb-border-radius-top-left:0px;--awb-border-radius-top-right:0px;--awb-border-radius-bottom-right:0px;--awb-border-radius-bottom-left:0px;--awb-padding-right-small:15px;--awb-padding-left-small:15px;--awb-margin-top:30px;--awb-margin-bottom:60px;--awb-flex-wrap:wrap;\" ><div class=\"fusion-builder-row fusion-row fusion-flex-align-items-flex-start fusion-flex-content-wrap\" style=\"max-width:calc( 1540px + 0px );margin-left: calc(-0px \/ 2 );margin-right: calc(-0px \/ 2 );\"><div class=\"fusion-layout-column fusion_builder_column fusion-builder-column-0 fusion_builder_column_1_1 1_1 fusion-flex-column\" style=\"--awb-padding-top:15px;--awb-padding-right:15px;--awb-padding-bottom:15px;--awb-padding-left:15px;--awb-bg-size:cover;--awb-width-large:100%;--awb-margin-top-large:0px;--awb-spacing-right-large:0px;--awb-margin-bottom-large:0px;--awb-spacing-left-large:0px;--awb-width-medium:100%;--awb-order-medium:0;--awb-spacing-right-medium:0px;--awb-spacing-left-medium:0px;--awb-width-small:100%;--awb-order-small:0;--awb-spacing-right-small:0px;--awb-spacing-left-small:0px;\"><div class=\"fusion-column-wrapper fusion-column-has-shadow fusion-flex-justify-content-flex-start fusion-content-layout-column\"><div class=\"fusion-title title fusion-title-1 fusion-sep-none fusion-title-center fusion-title-text fusion-title-size-one\" style=\"--awb-margin-bottom:50px;--awb-margin-bottom-small:50px;\"><h1 class=\"fusion-title-heading title-heading-center fusion-responsive-typography-calculated\" style=\"margin:0;--fontSize:50;line-height:var(--awb-typography1-line-height);\">Nutzungsbedingungen<\/h1><\/div><div class=\"fusion-text fusion-text-1\"><p><strong>antoniou-laparoscopy.gr \u2013 Nutzungsbedingungen<\/strong><\/p>\n<p>Diese Website wurde erstellt, um Informationen \u00fcber die Dienstleistungen des Chirurgen Stavros A. Antoniou und verwandte Themen bereitzustellen. <\/p>\n<p><strong>Nutzung der Website:<\/strong><\/p>\n<p>Die Nutzung der Website antoniou-laparoscopy.gr ist ausschlie\u00dflich f\u00fcr den pers\u00f6nlichen Gebrauch und zu Informationszwecken gestattet. Jede andere Nutzung, wie das Reproduzieren, Verteilen oder Modifizieren des Inhalts, ist ohne vorherige schriftliche Zustimmung von Stavros A. Antoniou untersagt.  <\/p>\n<p><strong>Inhalt:<\/strong><\/p>\n<p>Der Inhalt der Website, einschlie\u00dflich, aber nicht beschr\u00e4nkt auf Texte, Fotos, Grafiken und Videos, ist geistiges Eigentum von Stavros A. Antoniou und wird durch Urheberrechte gesch\u00fctzt. Jegliche Vervielf\u00e4ltigung, \u00c4nderung, Verbreitung, Ver\u00f6ffentlichung, \u00dcbertragung oder andere Nutzung des Inhalts ohne vorherige schriftliche Zustimmung von Stavros A. Antoniou ist untersagt.  <\/p>\n<p><strong>Pers\u00f6nliche Daten:<\/strong><\/p>\n<p>Die Erhebung und Verarbeitung Ihrer personenbezogenen Daten unterliegt der Datenschutzerkl\u00e4rung der Website, die Sie <a href=\"https:\/\/antoniou-laparoscopy.gr\/de\/datenschutzerklaerung\/\" target=\"_blank\" rel=\"noopener\">hier<\/a> finden<\/p>\n<p><strong>Links zu anderen Websites:<\/strong><\/p>\n<p>Die Website kann Links zu anderen Websites enthalten. Stavros A. Antoniou kontrolliert den Inhalt dieser Websites nicht und \u00fcbernimmt keine Verantwortung daf\u00fcr.  <\/p>\n<p><strong>Haftungsausschluss:<\/strong><\/p>\n<p>Die auf dieser Website bereitgestellten Informationen dienen ausschlie\u00dflich zu Informationszwecken und stellen keine medizinische Beratung dar. F\u00fcr jede medizinische Diagnose oder Behandlung sollten Sie Ihren pers\u00f6nlichen Arzt konsultieren. <\/p>\n<p>Stavros A. Antoniou \u00fcbernimmt keine Haftung f\u00fcr direkte, indirekte, spezielle oder Folgesch\u00e4den, die sich aus der Nutzung oder der Unf\u00e4higkeit zur Nutzung der Website oder aus Fehlern, Auslassungen oder Unterbrechungen in deren Betrieb ergeben. <\/p>\n<p><strong>\u00c4nderungen:<\/strong><\/p>\n<p>Diese Nutzungsbedingungen k\u00f6nnen jederzeit ohne vorherige Ank\u00fcndigung ge\u00e4ndert werden.<\/p>\n<\/div><\/div><\/div><\/div><\/div>\n","protected":false},"excerpt":{"rendered":"","protected":false},"author":5,"featured_media":0,"parent":0,"menu_order":0,"comment_status":"closed","ping_status":"closed","template":"100-width.php","meta":{"footnotes":""},"class_list":["post-733","page","type-page","status-publish","hentry"],"yoast_head":"<!-- This site is optimized with the Yoast SEO plugin v24.0 - https:\/\/yoast.com\/wordpress\/plugins\/seo\/ -->\n<title>Nutzungsbedingungen - Stavros Antoniou<\/title>\n<meta name=\"robots\" content=\"index, follow, max-snippet:-1, max-image-preview:large, max-video-preview:-1\" \/>\n<link rel=\"canonical\" href=\"https:\/\/antoniou-laparoscopy.gr\/de\/nutzungsbedingungen\/\" \/>\n<meta property=\"og:locale\" content=\"de_DE\" \/>\n<meta property=\"og:type\" content=\"article\" \/>\n<meta property=\"og:title\" content=\"Nutzungsbedingungen - Stavros Antoniou\" \/>\n<meta property=\"og:url\" content=\"https:\/\/antoniou-laparoscopy.gr\/de\/nutzungsbedingungen\/\" \/>\n<meta property=\"og:site_name\" content=\"Stavros Antoniou\" \/>\n<meta property=\"article:modified_time\" content=\"2024-12-10T12:53:30+00:00\" \/>\n<meta name=\"twitter:card\" content=\"summary_large_image\" \/>\n<meta name=\"twitter:label1\" content=\"Gesch\u00e4tzte Lesezeit\" \/>\n\t<meta name=\"twitter:data1\" content=\"5 Minuten\" \/>\n<script type=\"application\/ld+json\" class=\"yoast-schema-graph\">{\"@context\":\"https:\/\/schema.org\",\"@graph\":[{\"@type\":\"WebPage\",\"@id\":\"https:\/\/antoniou-laparoscopy.gr\/de\/nutzungsbedingungen\/\",\"url\":\"https:\/\/antoniou-laparoscopy.gr\/de\/nutzungsbedingungen\/\",\"name\":\"Nutzungsbedingungen - Stavros Antoniou\",\"isPartOf\":{\"@id\":\"https:\/\/antoniou-laparoscopy.gr\/de\/#website\"},\"datePublished\":\"2024-11-29T00:11:47+00:00\",\"dateModified\":\"2024-12-10T12:53:30+00:00\",\"breadcrumb\":{\"@id\":\"https:\/\/antoniou-laparoscopy.gr\/de\/nutzungsbedingungen\/#breadcrumb\"},\"inLanguage\":\"de\",\"potentialAction\":[{\"@type\":\"ReadAction\",\"target\":[\"https:\/\/antoniou-laparoscopy.gr\/de\/nutzungsbedingungen\/\"]}]},{\"@type\":\"BreadcrumbList\",\"@id\":\"https:\/\/antoniou-laparoscopy.gr\/de\/nutzungsbedingungen\/#breadcrumb\",\"itemListElement\":[{\"@type\":\"ListItem\",\"position\":1,\"name\":\"\u0391\u03c1\u03c7\u03b9\u03ba\u03ae\",\"item\":\"https:\/\/antoniou-laparoscopy.gr\/de\/hauptseite\/\"},{\"@type\":\"ListItem\",\"position\":2,\"name\":\"Nutzungsbedingungen\"}]},{\"@type\":\"WebSite\",\"@id\":\"https:\/\/antoniou-laparoscopy.gr\/de\/#website\",\"url\":\"https:\/\/antoniou-laparoscopy.gr\/de\/\",\"name\":\"Stavros Antoniou\",\"description\":\"\u03a7\u03b5\u03b9\u03c1\u03bf\u03c5\u03c1\u03b3\u03cc\u03c2 \u03bc\u03b5 \u03b5\u03be\u03b5\u03b9\u03b4\u03af\u03ba\u03b5\u03c5\u03c3\u03b7 \u03c3\u03c4\u03b7 \u03bb\u03b1\u03c0\u03b1\u03c1\u03bf\u03c3\u03ba\u03bf\u03c0\u03b9\u03ba\u03ae \u03c4\u03bf\u03c5 \u03b3\u03b1\u03c3\u03c4\u03c1\u03b5\u03bd\u03c4\u03b5\u03c1\u03b9\u03ba\u03bf\u03cd\",\"potentialAction\":[{\"@type\":\"SearchAction\",\"target\":{\"@type\":\"EntryPoint\",\"urlTemplate\":\"https:\/\/antoniou-laparoscopy.gr\/de\/?s={search_term_string}\"},\"query-input\":{\"@type\":\"PropertyValueSpecification\",\"valueRequired\":true,\"valueName\":\"search_term_string\"}}],\"inLanguage\":\"de\"}]}<\/script>\n<!-- \/ Yoast SEO plugin. -->","yoast_head_json":{"title":"Nutzungsbedingungen - Stavros Antoniou","robots":{"index":"index","follow":"follow","max-snippet":"max-snippet:-1","max-image-preview":"max-image-preview:large","max-video-preview":"max-video-preview:-1"},"canonical":"https:\/\/antoniou-laparoscopy.gr\/de\/nutzungsbedingungen\/","og_locale":"de_DE","og_type":"article","og_title":"Nutzungsbedingungen - Stavros Antoniou","og_url":"https:\/\/antoniou-laparoscopy.gr\/de\/nutzungsbedingungen\/","og_site_name":"Stavros Antoniou","article_modified_time":"2024-12-10T12:53:30+00:00","twitter_card":"summary_large_image","twitter_misc":{"Gesch\u00e4tzte Lesezeit":"5 Minuten"},"schema":{"@context":"https:\/\/schema.org","@graph":[{"@type":"WebPage","@id":"https:\/\/antoniou-laparoscopy.gr\/de\/nutzungsbedingungen\/","url":"https:\/\/antoniou-laparoscopy.gr\/de\/nutzungsbedingungen\/","name":"Nutzungsbedingungen - Stavros Antoniou","isPartOf":{"@id":"https:\/\/antoniou-laparoscopy.gr\/de\/#website"},"datePublished":"2024-11-29T00:11:47+00:00","dateModified":"2024-12-10T12:53:30+00:00","breadcrumb":{"@id":"https:\/\/antoniou-laparoscopy.gr\/de\/nutzungsbedingungen\/#breadcrumb"},"inLanguage":"de","potentialAction":[{"@type":"ReadAction","target":["https:\/\/antoniou-laparoscopy.gr\/de\/nutzungsbedingungen\/"]}]},{"@type":"BreadcrumbList","@id":"https:\/\/antoniou-laparoscopy.gr\/de\/nutzungsbedingungen\/#breadcrumb","itemListElement":[{"@type":"ListItem","position":1,"name":"\u0391\u03c1\u03c7\u03b9\u03ba\u03ae","item":"https:\/\/antoniou-laparoscopy.gr\/de\/hauptseite\/"},{"@type":"ListItem","position":2,"name":"Nutzungsbedingungen"}]},{"@type":"WebSite","@id":"https:\/\/antoniou-laparoscopy.gr\/de\/#website","url":"https:\/\/antoniou-laparoscopy.gr\/de\/","name":"Stavros Antoniou","description":"\u03a7\u03b5\u03b9\u03c1\u03bf\u03c5\u03c1\u03b3\u03cc\u03c2 \u03bc\u03b5 \u03b5\u03be\u03b5\u03b9\u03b4\u03af\u03ba\u03b5\u03c5\u03c3\u03b7 \u03c3\u03c4\u03b7 \u03bb\u03b1\u03c0\u03b1\u03c1\u03bf\u03c3\u03ba\u03bf\u03c0\u03b9\u03ba\u03ae \u03c4\u03bf\u03c5 \u03b3\u03b1\u03c3\u03c4\u03c1\u03b5\u03bd\u03c4\u03b5\u03c1\u03b9\u03ba\u03bf\u03cd","potentialAction":[{"@type":"SearchAction","target":{"@type":"EntryPoint","urlTemplate":"https:\/\/antoniou-laparoscopy.gr\/de\/?s={search_term_string}"},"query-input":{"@type":"PropertyValueSpecification","valueRequired":true,"valueName":"search_term_string"}}],"inLanguage":"de"}]}},"_links":{"self":[{"href":"https:\/\/antoniou-laparoscopy.gr\/de\/wp-json\/wp\/v2\/pages\/733","targetHints":{"allow":["GET"]}}],"collection":[{"href":"https:\/\/antoniou-laparoscopy.gr\/de\/wp-json\/wp\/v2\/pages"}],"about":[{"href":"https:\/\/antoniou-laparoscopy.gr\/de\/wp-json\/wp\/v2\/types\/page"}],"author":[{"embeddable":true,"href":"https:\/\/antoniou-laparoscopy.gr\/de\/wp-json\/wp\/v2\/users\/5"}],"replies":[{"embeddable":true,"href":"https:\/\/antoniou-laparoscopy.gr\/de\/wp-json\/wp\/v2\/comments?post=733"}],"version-history":[{"count":7,"href":"https:\/\/antoniou-laparoscopy.gr\/de\/wp-json\/wp\/v2\/pages\/733\/revisions"}],"predecessor-version":[{"id":745,"href":"https:\/\/antoniou-laparoscopy.gr\/de\/wp-json\/wp\/v2\/pages\/733\/revisions\/745"}],"wp:attachment":[{"href":"https:\/\/antoniou-laparoscopy.gr\/de\/wp-json\/wp\/v2\/media?parent=733"}],"curies":[{"name":"wp","href":"https:\/\/api.w.org\/{rel}","templated":true}]}}